{"id":474,"date":"2018-12-19T19:47:44","date_gmt":"2018-12-19T18:47:44","guid":{"rendered":"https:\/\/www.burgfrisoer-mona.de\/?page_id=474"},"modified":"2018-12-19T20:18:03","modified_gmt":"2018-12-19T19:18:03","slug":"artistic-fashion-oktober-2018","status":"publish","type":"page","link":"https:\/\/www.burgfrisoer-mona.de\/index.php\/gallerie\/artistic-fashion-oktober-2018\/","title":{"rendered":"Artistic Fashion &#8211; Oktober 2018"},"content":{"rendered":"ngg_shortcode_0_placeholder\n<p>&nbsp;<\/p>\n<div style=\"width: 840px;\" class=\"wp-video\"><!--[if lt IE 9]><script>document.createElement('video');<\/script><![endif]-->\n<video class=\"wp-video-shortcode\" id=\"video-474-1\" width=\"840\" height=\"475\" preload=\"metadata\" controls=\"controls\"><source type=\"video\/mp4\" src=\"https:\/\/www.burgfrisoer-mona.de\/wp-content\/uploads\/2018\/12\/VID-20181216-WA0000.mp4?_=1\" \/><a href=\"https:\/\/www.burgfrisoer-mona.de\/wp-content\/uploads\/2018\/12\/VID-20181216-WA0000.mp4\">https:\/\/www.burgfrisoer-mona.de\/wp-content\/uploads\/2018\/12\/VID-20181216-WA0000.mp4<\/a><\/video><\/div>\n<p>&nbsp;<\/p>\n<p><strong>Model: <\/strong>Sonja Liepert, Viktoria K\u00f6nig, Franziska H\u00e4u\u00dfler, Miriam J\u00e4ckle, Karina Strohmayer<br \/>\n<strong>Fotograf: <\/strong>Stefan Pesavento<br \/>\n<strong>Visagistin: <\/strong>Ramona Kanefzky<br \/>\n<strong>Floristin:<\/strong> Floristin Michael Deller<br \/>\n<a href=\"https:\/\/www.burgfrisoer-mona.de\/index.php\/gallerie\/\">Zur\u00fcck zur \u00dcbersicht<\/a><\/p>\n","protected":false},"excerpt":{"rendered":"<p>&nbsp; &nbsp; Model: Sonja Liepert, Viktoria K\u00f6nig, Franziska H\u00e4u\u00dfler, Miriam J\u00e4ckle, Karina Strohmayer Fotograf: Stefan Pesavento Visagistin: Ramona Kanefzky Floristin: Floristin Michael Deller Zur\u00fcck zur \u00dcbersicht<\/p>\n","protected":false},"author":2,"featured_media":0,"parent":6,"menu_order":0,"comment_status":"closed","ping_status":"closed","template":"","meta":{"ngg_post_thumbnail":0,"footnotes":""},"class_list":["post-474","page","type-page","status-publish","hentry"],"_links":{"self":[{"href":"https:\/\/www.burgfrisoer-mona.de\/index.php\/wp-json\/wp\/v2\/pages\/474","targetHints":{"allow":["GET"]}}],"collection":[{"href":"https:\/\/www.burgfrisoer-mona.de\/index.php\/wp-json\/wp\/v2\/pages"}],"about":[{"href":"https:\/\/www.burgfrisoer-mona.de\/index.php\/wp-json\/wp\/v2\/types\/page"}],"author":[{"embeddable":true,"href":"https:\/\/www.burgfrisoer-mona.de\/index.php\/wp-json\/wp\/v2\/users\/2"}],"replies":[{"embeddable":true,"href":"https:\/\/www.burgfrisoer-mona.de\/index.php\/wp-json\/wp\/v2\/comments?post=474"}],"version-history":[{"count":4,"href":"https:\/\/www.burgfrisoer-mona.de\/index.php\/wp-json\/wp\/v2\/pages\/474\/revisions"}],"predecessor-version":[{"id":497,"href":"https:\/\/www.burgfrisoer-mona.de\/index.php\/wp-json\/wp\/v2\/pages\/474\/revisions\/497"}],"up":[{"embeddable":true,"href":"https:\/\/www.burgfrisoer-mona.de\/index.php\/wp-json\/wp\/v2\/pages\/6"}],"wp:attachment":[{"href":"https:\/\/www.burgfrisoer-mona.de\/index.php\/wp-json\/wp\/v2\/media?parent=474"}],"curies":[{"name":"wp","href":"https:\/\/api.w.org\/{rel}","templated":true}]}}